{"id":76,"date":"2023-01-31T04:18:06","date_gmt":"2023-01-31T04:18:06","guid":{"rendered":"https:\/\/unifymedsupply.com\/about\/"},"modified":"2024-12-27T03:21:03","modified_gmt":"2024-12-27T03:21:03","slug":"about-us","status":"publish","type":"page","link":"https:\/\/unifymedsupply.com\/vi\/about-us\/","title":{"rendered":"Gi\u1edbi thi\u1ec7u"},"content":{"rendered":"<div data-elementor-type=\"wp-page\" data-elementor-id=\"76\" class=\"elementor elementor-76\" data-elementor-post-type=\"page\">\n\t\t\t\t<div class=\"elementor-element elementor-element-8864acf e-flex e-con-boxed e-con e-parent\" data-id=\"8864acf\" data-element_type=\"container\" data-e-type=\"container\">\n\t\t\t\t\t<div class=\"e-con-inner\">\n\t\t<div class=\"elementor-element elementor-element-0bd006f e-con-full e-flex e-con e-child\" data-id=\"0bd006f\" data-element_type=\"container\" data-e-type=\"container\">\n\t\t\t\t<div class=\"elementor-element elementor-element-a25e744 elementor-invisible elementor-widget elementor-widget-image\" data-id=\"a25e744\" data-element_type=\"widget\" data-e-type=\"widget\" data-settings=\"{&quot;_animation&quot;:&quot;pulse&quot;}\" data-widget_type=\"image.default\">\n\t\t\t\t<div class=\"elementor-widget-container\">\n\t\t\t\t\t\t\t\t\t\t\t\t\t\t\t<img fetchpriority=\"high\" decoding=\"async\" width=\"1500\" height=\"1001\" src=\"https:\/\/unifymedsupply.com\/wp-content\/uploads\/2023\/02\/happiness-cheerful-elderly-woman-men-talking-with-female-caregiver-nurse-doctor-having-health-checking-consult-living-areacaretakers-with-senior-couple-sitting-living-room-nursing-home.jpg\" class=\"attachment-full size-full wp-image-824\" alt=\"happy elders with Unify service\" srcset=\"https:\/\/unifymedsupply.com\/wp-content\/uploads\/2023\/02\/happiness-cheerful-elderly-woman-men-talking-with-female-caregiver-nurse-doctor-having-health-checking-consult-living-areacaretakers-with-senior-couple-sitting-living-room-nursing-home.jpg 1500w, https:\/\/unifymedsupply.com\/wp-content\/uploads\/2023\/02\/happiness-cheerful-elderly-woman-men-talking-with-female-caregiver-nurse-doctor-having-health-checking-consult-living-areacaretakers-with-senior-couple-sitting-living-room-nursing-home-300x200.jpg 300w, https:\/\/unifymedsupply.com\/wp-content\/uploads\/2023\/02\/happiness-cheerful-elderly-woman-men-talking-with-female-caregiver-nurse-doctor-having-health-checking-consult-living-areacaretakers-with-senior-couple-sitting-living-room-nursing-home-1024x683.jpg 1024w, https:\/\/unifymedsupply.com\/wp-content\/uploads\/2023\/02\/happiness-cheerful-elderly-woman-men-talking-with-female-caregiver-nurse-doctor-having-health-checking-consult-living-areacaretakers-with-senior-couple-sitting-living-room-nursing-home-768x513.jpg 768w, https:\/\/unifymedsupply.com\/wp-content\/uploads\/2023\/02\/happiness-cheerful-elderly-woman-men-talking-with-female-caregiver-nurse-doctor-having-health-checking-consult-living-areacaretakers-with-senior-couple-sitting-living-room-nursing-home-600x400.jpg 600w\" sizes=\"(max-width: 1500px) 100vw, 1500px\" title=\"\">\t\t\t\t\t\t\t\t\t\t\t\t\t\t\t<\/div>\n\t\t\t\t<\/div>\n\t\t\t\t<\/div>\n\t\t<div class=\"elementor-element elementor-element-2935510 e-con-full e-flex e-con e-child\" data-id=\"2935510\" data-element_type=\"container\" data-e-type=\"container\">\n\t\t\t\t<div class=\"elementor-element elementor-element-2b7a5d4 elementor-headline--style-highlight elementor-widget elementor-widget-animated-headline\" data-id=\"2b7a5d4\" data-element_type=\"widget\" data-e-type=\"widget\" data-settings=\"{&quot;highlighted_text&quot;:&quot;About us&quot;,&quot;marker&quot;:&quot;curly&quot;,&quot;headline_style&quot;:&quot;highlight&quot;,&quot;loop&quot;:&quot;yes&quot;,&quot;highlight_animation_duration&quot;:1200,&quot;highlight_iteration_delay&quot;:8000}\" data-widget_type=\"animated-headline.default\">\n\t\t\t\t<div class=\"elementor-widget-container\">\n\t\t\t\t\t\t\t<h1 class=\"elementor-headline\">\n\t\t\t\t<span class=\"elementor-headline-dynamic-wrapper elementor-headline-text-wrapper\">\n\t\t\t\t\t<span class=\"elementor-headline-dynamic-text elementor-headline-text-active\">Gi\u1edbi thi\u1ec7u<\/span>\n\t\t\t\t<\/span>\n\t\t\t\t<\/h1>\n\t\t\t\t\t\t<\/div>\n\t\t\t\t<\/div>\n\t\t\t\t<div class=\"elementor-element elementor-element-9293172 elementor-widget elementor-widget-text-editor\" data-id=\"9293172\" data-element_type=\"widget\" data-e-type=\"widget\" data-widget_type=\"text-editor.default\">\n\t\t\t\t<div class=\"elementor-widget-container\">\n\t\t\t\t\t\t\t\t\t<p>\u0110\u01b0\u1ee3c th\u00e0nh l\u1eadp v\u00e0o n\u0103m 2019 t\u1ea1i Denver Colorado, Unify Health Medical Supply, chuy\u00ean cung c\u1ea5p thi\u1ebft b\u1ecb v\u00e0 v\u1eadt ph\u1ea9m y t\u1ebf, v\u1edbi m\u1ee5c \u0111\u00edch mang l\u1ea1i s\u1ef1 h\u1ed7 tr\u1ee3 c\u1ea7n thi\u1ebft cho c\u00e1c c\u1ed9ng \u0111\u1ed3ng ng\u01b0\u1eddi cao tu\u1ed5i t\u1ea1i \u0111\u1ecba ph\u01b0\u01a1ng. Unify HMS lu\u00f4n h\u01b0\u1edbng t\u1edbi m\u1ed9t m\u1ee5c ti\u00eau, m\u00e0 t\u1ea1i \u0111\u00f3, c\u00e1c th\u00e0nh vi\u00ean c\u1ee7a c\u00f4ng ty lu\u00f4n h\u00e0i l\u00f2ng v\u00e0 vui v\u1ebb trong c\u00f4ng vi\u1ec7c, c\u0169ng nh\u01b0 c\u00e1c m\u1ed1i quan h\u1ec7 g\u1eafn b\u00f3 c\u1ee7a ch\u00fang t\u00f4i v\u1edbi c\u1ed9ng \u0111\u1ed3ng c\u00f3 th\u1ec3 \u0111\u01b0\u1ee3c x\u00e2y d\u1ef1ng d\u1ef1a tr\u00ean s\u1ef1 h\u00e0i l\u00f2ng v\u1ec1 d\u1ecbch v\u1ee5 c\u1ee7a ch\u00fang t\u00f4i. V\u1ec1 c\u01a1 b\u1ea3n, ch\u00fang t\u00f4i mong mu\u1ed1n h\u01b0\u1edbng \u0111\u1ebfn m\u1ed9t cu\u1ed9c s\u1ed1ng t\u1ed1t h\u01a1n cho t\u1ea5t c\u1ea3 m\u1ecdi ng\u01b0\u1eddi.<\/p><p>Trong m\u1ed9t x\u00e3 h\u1ed9i kh\u00f4ng ng\u1eebng ph\u00e1t tri\u1ec3n, Unify HMS s\u1ebd lu\u00f4n ti\u1ebfp t\u1ee5c c\u1ed1 g\u1eafng c\u1ea3i thi\u1ec7n ch\u1ea5t l\u01b0\u1ee3ng d\u1ecbch v\u1ee5, n\u00e2ng c\u1ea5p v\u00e0 m\u1edf r\u1ed9ng ho\u1ea1t \u0111\u1ed9ng \u0111\u1ec3 c\u00f3 th\u1ec3 cung c\u1ea5p nhi\u1ec1u h\u1ed7 tr\u1ee3 h\u01a1n t\u1edbi ng\u01b0\u1eddi cao tu\u1ed5i trong c\u00e1c c\u1ed9ng \u0111\u1ed3ng, mang \u0111\u1ebfn c\u00e1c d\u1ecbch v\u1ee5 v\u00e0 s\u1ea3n ph\u1ea9m c\u1ea7n thi\u1ebft \u0111\u1ec3 c\u1ea3i thi\u1ec7n cu\u1ed9c s\u1ed1ng c\u1ee7a b\u1ec7nh nh\u00e2n, c\u0169ng nh\u01b0 g\u00f3p ph\u1ea7n ph\u00e1t tri\u1ec3n c\u1ed9ng \u0111\u1ed3ng ng\u01b0\u1eddi Vi\u1ec7t t\u1ea1i nh\u1eefng \u0111\u1ecba ph\u01b0\u01a1ng m\u00e0 ch\u00fang t\u00f4i ph\u1ee5c v\u1ee5.<\/p>\t\t\t\t\t\t\t\t<\/div>\n\t\t\t\t<\/div>\n\t\t\t\t<div class=\"elementor-element elementor-element-5df63fc elementor-widget elementor-widget-heading\" data-id=\"5df63fc\" data-element_type=\"widget\" data-e-type=\"widget\" data-widget_type=\"heading.default\">\n\t\t\t\t<div class=\"elementor-widget-container\">\n\t\t\t\t\t<h2 class=\"elementor-heading-title elementor-size-default\">D\u1ecbch v\u1ee5<\/h2>\t\t\t\t<\/div>\n\t\t\t\t<\/div>\n\t\t\t\t<div class=\"elementor-element elementor-element-845ee89 elementor-widget elementor-widget-text-editor\" data-id=\"845ee89\" data-element_type=\"widget\" data-e-type=\"widget\" data-widget_type=\"text-editor.default\">\n\t\t\t\t<div class=\"elementor-widget-container\">\n\t\t\t\t\t\t\t\t\t<p>Unify HMS is proud to offer health medical supplies as an accredited DME company.\u00a0We provide a full range of equipment and services directly to patients, including incontinence supplies, nutritional supplements and other durable medical products.<\/p>\t\t\t\t\t\t\t\t<\/div>\n\t\t\t\t<\/div>\n\t\t\t\t<div class=\"elementor-element elementor-element-b4f042d elementor-hidden-desktop elementor-hidden-tablet elementor-hidden-mobile elementor-widget elementor-widget-heading\" data-id=\"b4f042d\" data-element_type=\"widget\" data-e-type=\"widget\" data-widget_type=\"heading.default\">\n\t\t\t\t<div class=\"elementor-widget-container\">\n\t\t\t\t\t<h3 class=\"elementor-heading-title elementor-size-default\">Unify HMS<\/h3>\t\t\t\t<\/div>\n\t\t\t\t<\/div>\n\t\t\t\t<\/div>\n\t\t\t\t\t<\/div>\n\t\t\t\t<\/div>\n\t\t\t\t<\/div>","protected":false},"excerpt":{"rendered":"<p>About us Founder in 2019 in Denver Colorado, Unify Health Medical Supply is a DME provider with the intention of helping the aging communities. Unify HMS seeks for a goal where our team members are always happier than yesterday, our long-lasting relationship with communities can be built on their satisfaction with our services. Primarily, we [&hellip;]<\/p>\n...","protected":false},"author":1,"featured_media":1085,"parent":0,"menu_order":0,"comment_status":"closed","ping_status":"closed","template":"elementor_header_footer","meta":{"footnotes":""},"class_list":["post-76","page","type-page","status-publish","has-post-thumbnail","hentry"],"_links":{"self":[{"href":"https:\/\/unifymedsupply.com\/vi\/wp-json\/wp\/v2\/pages\/76","targetHints":{"allow":["GET"]}}],"collection":[{"href":"https:\/\/unifymedsupply.com\/vi\/wp-json\/wp\/v2\/pages"}],"about":[{"href":"https:\/\/unifymedsupply.com\/vi\/wp-json\/wp\/v2\/types\/page"}],"author":[{"embeddable":true,"href":"https:\/\/unifymedsupply.com\/vi\/wp-json\/wp\/v2\/users\/1"}],"replies":[{"embeddable":true,"href":"https:\/\/unifymedsupply.com\/vi\/wp-json\/wp\/v2\/comments?post=76"}],"version-history":[{"count":20,"href":"https:\/\/unifymedsupply.com\/vi\/wp-json\/wp\/v2\/pages\/76\/revisions"}],"predecessor-version":[{"id":2235,"href":"https:\/\/unifymedsupply.com\/vi\/wp-json\/wp\/v2\/pages\/76\/revisions\/2235"}],"wp:featuredmedia":[{"embeddable":true,"href":"https:\/\/unifymedsupply.com\/vi\/wp-json\/wp\/v2\/media\/1085"}],"wp:attachment":[{"href":"https:\/\/unifymedsupply.com\/vi\/wp-json\/wp\/v2\/media?parent=76"}],"curies":[{"name":"wp","href":"https:\/\/api.w.org\/{rel}","templated":true}]}}