{"id":243,"date":"2023-02-02T04:18:12","date_gmt":"2023-02-02T04:18:12","guid":{"rendered":"https:\/\/unifymedsupply.com\/?page_id=243"},"modified":"2023-02-06T06:56:42","modified_gmt":"2023-02-06T06:56:42","slug":"personal-care","status":"publish","type":"page","link":"https:\/\/unifymedsupply.com\/vi\/products-backup\/personal-care\/","title":{"rendered":"H\u1ed7 tr\u1ee3 ch\u0103m s\u00f3c c\u00e1 nh\u00e2n"},"content":{"rendered":"<div data-elementor-type=\"wp-page\" data-elementor-id=\"243\" class=\"elementor elementor-243\" data-elementor-post-type=\"page\">\n\t\t\t\t\t\t<section class=\"elementor-section elementor-top-section elementor-element elementor-element-8503743 elementor-section-boxed elementor-section-height-default elementor-section-height-default\" data-id=\"8503743\" data-element_type=\"section\" data-e-type=\"section\">\n\t\t\t\t\t\t<div class=\"elementor-container elementor-column-gap-default\">\n\t\t\t\t\t<div class=\"elementor-column elementor-col-33 elementor-top-column elementor-element elementor-element-56fdb5e\" data-id=\"56fdb5e\" data-element_type=\"column\" data-e-type=\"column\">\n\t\t\t<div class=\"elementor-widget-wrap elementor-element-populated\">\n\t\t\t\t\t\t<div class=\"elementor-element elementor-element-f94bc30 elementor-widget elementor-widget-image\" data-id=\"f94bc30\" data-element_type=\"widget\" data-e-type=\"widget\" data-widget_type=\"image.default\">\n\t\t\t\t<div class=\"elementor-widget-container\">\n\t\t\t\t\t\t\t\t\t\t\t\t\t\t\t<img fetchpriority=\"high\" decoding=\"async\" width=\"300\" height=\"256\" src=\"https:\/\/unifymedsupply.com\/wp-content\/uploads\/2023\/02\/Automatic-Digital-Blood-Pressure-Monitor-300x256.jpeg\" class=\"attachment-medium size-medium wp-image-738\" alt=\"Automatic Digital Blood Pressure Monitor\" srcset=\"https:\/\/unifymedsupply.com\/wp-content\/uploads\/2023\/02\/Automatic-Digital-Blood-Pressure-Monitor-300x256.jpeg 300w, https:\/\/unifymedsupply.com\/wp-content\/uploads\/2023\/02\/Automatic-Digital-Blood-Pressure-Monitor-1024x873.jpeg 1024w, https:\/\/unifymedsupply.com\/wp-content\/uploads\/2023\/02\/Automatic-Digital-Blood-Pressure-Monitor-768x655.jpeg 768w, https:\/\/unifymedsupply.com\/wp-content\/uploads\/2023\/02\/Automatic-Digital-Blood-Pressure-Monitor-600x512.jpeg 600w, https:\/\/unifymedsupply.com\/wp-content\/uploads\/2023\/02\/Automatic-Digital-Blood-Pressure-Monitor.jpeg 1200w\" sizes=\"(max-width: 300px) 100vw, 300px\" title=\"\">\t\t\t\t\t\t\t\t\t\t\t\t\t\t\t<\/div>\n\t\t\t\t<\/div>\n\t\t\t\t<div class=\"elementor-element elementor-element-50575b5 elementor-widget elementor-widget-heading\" data-id=\"50575b5\" data-element_type=\"widget\" data-e-type=\"widget\" data-widget_type=\"heading.default\">\n\t\t\t\t<div class=\"elementor-widget-container\">\n\t\t\t\t\t<h2 class=\"elementor-heading-title elementor-size-default\">Automatic Digital Blood Pressure Monitor<\/h2>\t\t\t\t<\/div>\n\t\t\t\t<\/div>\n\t\t\t\t\t<\/div>\n\t\t<\/div>\n\t\t\t\t<div class=\"elementor-column elementor-col-33 elementor-top-column elementor-element elementor-element-6cbb6d2\" data-id=\"6cbb6d2\" data-element_type=\"column\" data-e-type=\"column\">\n\t\t\t<div class=\"elementor-widget-wrap elementor-element-populated\">\n\t\t\t\t\t\t<div class=\"elementor-element elementor-element-7dc37b9 elementor-widget elementor-widget-image\" data-id=\"7dc37b9\" data-element_type=\"widget\" data-e-type=\"widget\" data-widget_type=\"image.default\">\n\t\t\t\t<div class=\"elementor-widget-container\">\n\t\t\t\t\t\t\t\t\t\t\t\t\t\t\t<img decoding=\"async\" width=\"300\" height=\"210\" data-src=\"https:\/\/unifymedsupply.com\/wp-content\/uploads\/2023\/02\/Digital-Wrist-Blood-Pressure-Monitor-300x210.jpeg\" class=\"attachment-medium size-medium wp-image-739 lazyload\" alt=\"Digital Wrist Blood Pressure Monitor\" data-srcset=\"https:\/\/unifymedsupply.com\/wp-content\/uploads\/2023\/02\/Digital-Wrist-Blood-Pressure-Monitor-300x210.jpeg 300w, https:\/\/unifymedsupply.com\/wp-content\/uploads\/2023\/02\/Digital-Wrist-Blood-Pressure-Monitor-1024x717.jpeg 1024w, https:\/\/unifymedsupply.com\/wp-content\/uploads\/2023\/02\/Digital-Wrist-Blood-Pressure-Monitor-768x538.jpeg 768w, https:\/\/unifymedsupply.com\/wp-content\/uploads\/2023\/02\/Digital-Wrist-Blood-Pressure-Monitor-600x420.jpeg 600w, https:\/\/unifymedsupply.com\/wp-content\/uploads\/2023\/02\/Digital-Wrist-Blood-Pressure-Monitor.jpeg 1200w\" data-sizes=\"(max-width: 300px) 100vw, 300px\" title=\"\" src=\"data:image\/svg+xml;base64,PHN2ZyB3aWR0aD0iMSIgaGVpZ2h0PSIxIiB4bWxucz0iaHR0cDovL3d3dy53My5vcmcvMjAwMC9zdmciPjwvc3ZnPg==\" style=\"--smush-placeholder-width: 300px; --smush-placeholder-aspect-ratio: 300\/210;\">\t\t\t\t\t\t\t\t\t\t\t\t\t\t\t<\/div>\n\t\t\t\t<\/div>\n\t\t\t\t<div class=\"elementor-element elementor-element-f106370 elementor-widget elementor-widget-heading\" data-id=\"f106370\" data-element_type=\"widget\" data-e-type=\"widget\" data-widget_type=\"heading.default\">\n\t\t\t\t<div class=\"elementor-widget-container\">\n\t\t\t\t\t<h2 class=\"elementor-heading-title elementor-size-default\">Digital Wrist Blood Pressure Monitor<\/h2>\t\t\t\t<\/div>\n\t\t\t\t<\/div>\n\t\t\t\t\t<\/div>\n\t\t<\/div>\n\t\t\t\t<div class=\"elementor-column elementor-col-33 elementor-top-column elementor-element elementor-element-ea90f13\" data-id=\"ea90f13\" data-element_type=\"column\" data-e-type=\"column\">\n\t\t\t<div class=\"elementor-widget-wrap elementor-element-populated\">\n\t\t\t\t\t\t<div class=\"elementor-element elementor-element-8a7c7b4 elementor-widget elementor-widget-image\" data-id=\"8a7c7b4\" data-element_type=\"widget\" data-e-type=\"widget\" data-widget_type=\"image.default\">\n\t\t\t\t<div class=\"elementor-widget-container\">\n\t\t\t\t\t\t\t\t\t\t\t\t\t\t\t<img decoding=\"async\" width=\"300\" height=\"267\" data-src=\"https:\/\/unifymedsupply.com\/wp-content\/uploads\/2023\/02\/Gait-Belt-300x267.jpeg\" class=\"attachment-medium size-medium wp-image-740 lazyload\" alt=\"Gait Belt\" data-srcset=\"https:\/\/unifymedsupply.com\/wp-content\/uploads\/2023\/02\/Gait-Belt-300x267.jpeg 300w, https:\/\/unifymedsupply.com\/wp-content\/uploads\/2023\/02\/Gait-Belt.jpeg 400w\" data-sizes=\"(max-width: 300px) 100vw, 300px\" title=\"\" src=\"data:image\/svg+xml;base64,PHN2ZyB3aWR0aD0iMSIgaGVpZ2h0PSIxIiB4bWxucz0iaHR0cDovL3d3dy53My5vcmcvMjAwMC9zdmciPjwvc3ZnPg==\" style=\"--smush-placeholder-width: 300px; --smush-placeholder-aspect-ratio: 300\/267;\">\t\t\t\t\t\t\t\t\t\t\t\t\t\t\t<\/div>\n\t\t\t\t<\/div>\n\t\t\t\t<div class=\"elementor-element elementor-element-d1adfce elementor-widget elementor-widget-heading\" data-id=\"d1adfce\" data-element_type=\"widget\" data-e-type=\"widget\" data-widget_type=\"heading.default\">\n\t\t\t\t<div class=\"elementor-widget-container\">\n\t\t\t\t\t<h2 class=\"elementor-heading-title elementor-size-default\">Gait Belt<\/h2>\t\t\t\t<\/div>\n\t\t\t\t<\/div>\n\t\t\t\t\t<\/div>\n\t\t<\/div>\n\t\t\t\t\t<\/div>\n\t\t<\/section>\n\t\t\t\t<section class=\"elementor-section elementor-top-section elementor-element elementor-element-15efbe9 elementor-section-boxed elementor-section-height-default elementor-section-height-default\" data-id=\"15efbe9\" data-element_type=\"section\" data-e-type=\"section\">\n\t\t\t\t\t\t<div class=\"elementor-container elementor-column-gap-default\">\n\t\t\t\t\t<div class=\"elementor-column elementor-col-33 elementor-top-column elementor-element elementor-element-e0ac785\" data-id=\"e0ac785\" data-element_type=\"column\" data-e-type=\"column\">\n\t\t\t<div class=\"elementor-widget-wrap elementor-element-populated\">\n\t\t\t\t\t\t<div class=\"elementor-element elementor-element-b613be8 elementor-widget elementor-widget-image\" data-id=\"b613be8\" data-element_type=\"widget\" data-e-type=\"widget\" data-widget_type=\"image.default\">\n\t\t\t\t<div class=\"elementor-widget-container\">\n\t\t\t\t\t\t\t\t\t\t\t\t\t\t\t<img decoding=\"async\" width=\"164\" height=\"300\" data-src=\"https:\/\/unifymedsupply.com\/wp-content\/uploads\/2023\/02\/Male-Urinal-164x300.jpeg\" class=\"attachment-medium size-medium wp-image-744 lazyload\" alt=\"Male Urinal\" data-srcset=\"https:\/\/unifymedsupply.com\/wp-content\/uploads\/2023\/02\/Male-Urinal-164x300.jpeg 164w, https:\/\/unifymedsupply.com\/wp-content\/uploads\/2023\/02\/Male-Urinal.jpeg 246w\" data-sizes=\"(max-width: 164px) 100vw, 164px\" title=\"\" src=\"data:image\/svg+xml;base64,PHN2ZyB3aWR0aD0iMSIgaGVpZ2h0PSIxIiB4bWxucz0iaHR0cDovL3d3dy53My5vcmcvMjAwMC9zdmciPjwvc3ZnPg==\" style=\"--smush-placeholder-width: 164px; --smush-placeholder-aspect-ratio: 164\/300;\">\t\t\t\t\t\t\t\t\t\t\t\t\t\t\t<\/div>\n\t\t\t\t<\/div>\n\t\t\t\t<div class=\"elementor-element elementor-element-56f4e40 elementor-widget elementor-widget-heading\" data-id=\"56f4e40\" data-element_type=\"widget\" data-e-type=\"widget\" data-widget_type=\"heading.default\">\n\t\t\t\t<div class=\"elementor-widget-container\">\n\t\t\t\t\t<h2 class=\"elementor-heading-title elementor-size-default\">Male Urinal<\/h2>\t\t\t\t<\/div>\n\t\t\t\t<\/div>\n\t\t\t\t\t<\/div>\n\t\t<\/div>\n\t\t\t\t<div class=\"elementor-column elementor-col-33 elementor-top-column elementor-element elementor-element-6bf2851\" data-id=\"6bf2851\" data-element_type=\"column\" data-e-type=\"column\">\n\t\t\t<div class=\"elementor-widget-wrap elementor-element-populated\">\n\t\t\t\t\t\t<div class=\"elementor-element elementor-element-6cdf2aa elementor-widget elementor-widget-image\" data-id=\"6cdf2aa\" data-element_type=\"widget\" data-e-type=\"widget\" data-widget_type=\"image.default\">\n\t\t\t\t<div class=\"elementor-widget-container\">\n\t\t\t\t\t\t\t\t\t\t\t\t\t\t\t<img decoding=\"async\" width=\"210\" height=\"210\" data-src=\"https:\/\/unifymedsupply.com\/wp-content\/uploads\/2023\/02\/TENS-Pain-Relief-Systems.jpeg\" class=\"attachment-medium size-medium wp-image-745 lazyload\" alt=\"TENS Pain Relief Systems\" data-srcset=\"https:\/\/unifymedsupply.com\/wp-content\/uploads\/2023\/02\/TENS-Pain-Relief-Systems.jpeg 210w, https:\/\/unifymedsupply.com\/wp-content\/uploads\/2023\/02\/TENS-Pain-Relief-Systems-150x150.jpeg 150w, https:\/\/unifymedsupply.com\/wp-content\/uploads\/2023\/02\/TENS-Pain-Relief-Systems-100x100.jpeg 100w\" data-sizes=\"(max-width: 210px) 100vw, 210px\" title=\"\" src=\"data:image\/svg+xml;base64,PHN2ZyB3aWR0aD0iMSIgaGVpZ2h0PSIxIiB4bWxucz0iaHR0cDovL3d3dy53My5vcmcvMjAwMC9zdmciPjwvc3ZnPg==\" style=\"--smush-placeholder-width: 210px; --smush-placeholder-aspect-ratio: 210\/210;\">\t\t\t\t\t\t\t\t\t\t\t\t\t\t\t<\/div>\n\t\t\t\t<\/div>\n\t\t\t\t<div class=\"elementor-element elementor-element-d3523da elementor-widget elementor-widget-heading\" data-id=\"d3523da\" data-element_type=\"widget\" data-e-type=\"widget\" data-widget_type=\"heading.default\">\n\t\t\t\t<div class=\"elementor-widget-container\">\n\t\t\t\t\t<h2 class=\"elementor-heading-title elementor-size-default\">TENS Pain Relief Systems<\/h2>\t\t\t\t<\/div>\n\t\t\t\t<\/div>\n\t\t\t\t\t<\/div>\n\t\t<\/div>\n\t\t\t\t<div class=\"elementor-column elementor-col-33 elementor-top-column elementor-element elementor-element-6016b5b\" data-id=\"6016b5b\" data-element_type=\"column\" data-e-type=\"column\">\n\t\t\t<div class=\"elementor-widget-wrap elementor-element-populated\">\n\t\t\t\t\t\t<div class=\"elementor-element elementor-element-e197c0a elementor-widget elementor-widget-image\" data-id=\"e197c0a\" data-element_type=\"widget\" data-e-type=\"widget\" data-widget_type=\"image.default\">\n\t\t\t\t<div class=\"elementor-widget-container\">\n\t\t\t\t\t\t\t\t\t\t\t\t\t\t\t<img decoding=\"async\" width=\"187\" height=\"300\" data-src=\"https:\/\/unifymedsupply.com\/wp-content\/uploads\/2023\/02\/Hosier-\u2013-Sheer-Thigh-High-Closed-Toe-187x300.jpeg\" class=\"attachment-medium size-medium wp-image-743 lazyload\" alt=\"Hosier \u2013 Sheer Thigh High Closed Toe\" data-srcset=\"https:\/\/unifymedsupply.com\/wp-content\/uploads\/2023\/02\/Hosier-\u2013-Sheer-Thigh-High-Closed-Toe-187x300.jpeg 187w, https:\/\/unifymedsupply.com\/wp-content\/uploads\/2023\/02\/Hosier-\u2013-Sheer-Thigh-High-Closed-Toe.jpeg 311w\" data-sizes=\"(max-width: 187px) 100vw, 187px\" title=\"\" src=\"data:image\/svg+xml;base64,PHN2ZyB3aWR0aD0iMSIgaGVpZ2h0PSIxIiB4bWxucz0iaHR0cDovL3d3dy53My5vcmcvMjAwMC9zdmciPjwvc3ZnPg==\" style=\"--smush-placeholder-width: 187px; --smush-placeholder-aspect-ratio: 187\/300;\">\t\t\t\t\t\t\t\t\t\t\t\t\t\t\t<\/div>\n\t\t\t\t<\/div>\n\t\t\t\t<div class=\"elementor-element elementor-element-1033992 elementor-widget elementor-widget-heading\" data-id=\"1033992\" data-element_type=\"widget\" data-e-type=\"widget\" data-widget_type=\"heading.default\">\n\t\t\t\t<div class=\"elementor-widget-container\">\n\t\t\t\t\t<h2 class=\"elementor-heading-title elementor-size-default\">Hosier \u2013 Sheer Thigh High Closed Toe<\/h2>\t\t\t\t<\/div>\n\t\t\t\t<\/div>\n\t\t\t\t\t<\/div>\n\t\t<\/div>\n\t\t\t\t\t<\/div>\n\t\t<\/section>\n\t\t\t\t<section class=\"elementor-section elementor-top-section elementor-element elementor-element-c89691e elementor-section-boxed elementor-section-height-default elementor-section-height-default\" data-id=\"c89691e\" data-element_type=\"section\" data-e-type=\"section\">\n\t\t\t\t\t\t<div class=\"elementor-container elementor-column-gap-default\">\n\t\t\t\t\t<div class=\"elementor-column elementor-col-33 elementor-top-column elementor-element elementor-element-209b851\" data-id=\"209b851\" data-element_type=\"column\" data-e-type=\"column\">\n\t\t\t<div class=\"elementor-widget-wrap elementor-element-populated\">\n\t\t\t\t\t\t<div class=\"elementor-element elementor-element-47c4515 elementor-widget elementor-widget-image\" data-id=\"47c4515\" data-element_type=\"widget\" data-e-type=\"widget\" data-widget_type=\"image.default\">\n\t\t\t\t<div class=\"elementor-widget-container\">\n\t\t\t\t\t\t\t\t\t\t\t\t\t\t\t<img decoding=\"async\" width=\"187\" height=\"300\" data-src=\"https:\/\/unifymedsupply.com\/wp-content\/uploads\/2023\/02\/Hosier-\u2013-Sheer-Pantyhose-Closed-Toe-187x300.jpeg\" class=\"attachment-medium size-medium wp-image-742 lazyload\" alt=\"Hosier \u2013 Sheer Pantyhose Closed Toe\" data-srcset=\"https:\/\/unifymedsupply.com\/wp-content\/uploads\/2023\/02\/Hosier-\u2013-Sheer-Pantyhose-Closed-Toe-187x300.jpeg 187w, https:\/\/unifymedsupply.com\/wp-content\/uploads\/2023\/02\/Hosier-\u2013-Sheer-Pantyhose-Closed-Toe.jpeg 311w\" data-sizes=\"(max-width: 187px) 100vw, 187px\" title=\"\" src=\"data:image\/svg+xml;base64,PHN2ZyB3aWR0aD0iMSIgaGVpZ2h0PSIxIiB4bWxucz0iaHR0cDovL3d3dy53My5vcmcvMjAwMC9zdmciPjwvc3ZnPg==\" style=\"--smush-placeholder-width: 187px; --smush-placeholder-aspect-ratio: 187\/300;\">\t\t\t\t\t\t\t\t\t\t\t\t\t\t\t<\/div>\n\t\t\t\t<\/div>\n\t\t\t\t<div class=\"elementor-element elementor-element-7a97e23 elementor-widget elementor-widget-heading\" data-id=\"7a97e23\" data-element_type=\"widget\" data-e-type=\"widget\" data-widget_type=\"heading.default\">\n\t\t\t\t<div class=\"elementor-widget-container\">\n\t\t\t\t\t<h2 class=\"elementor-heading-title elementor-size-default\">Hosier \u2013 Sheer Pantyhose Closed Toe<\/h2>\t\t\t\t<\/div>\n\t\t\t\t<\/div>\n\t\t\t\t\t<\/div>\n\t\t<\/div>\n\t\t\t\t<div class=\"elementor-column elementor-col-33 elementor-top-column elementor-element elementor-element-adfb112\" data-id=\"adfb112\" data-element_type=\"column\" data-e-type=\"column\">\n\t\t\t<div class=\"elementor-widget-wrap elementor-element-populated\">\n\t\t\t\t\t\t<div class=\"elementor-element elementor-element-e3e7e26 elementor-widget elementor-widget-image\" data-id=\"e3e7e26\" data-element_type=\"widget\" data-e-type=\"widget\" data-widget_type=\"image.default\">\n\t\t\t\t<div class=\"elementor-widget-container\">\n\t\t\t\t\t\t\t\t\t\t\t\t\t\t\t<img decoding=\"async\" width=\"187\" height=\"300\" data-src=\"https:\/\/unifymedsupply.com\/wp-content\/uploads\/2023\/02\/Hosier-\u2013-Sheer-Knee-High-Closed-Toe-187x300.jpeg\" class=\"attachment-medium size-medium wp-image-741 lazyload\" alt=\"Hosier \u2013 Sheer Knee High Closed Toe\" data-srcset=\"https:\/\/unifymedsupply.com\/wp-content\/uploads\/2023\/02\/Hosier-\u2013-Sheer-Knee-High-Closed-Toe-187x300.jpeg 187w, https:\/\/unifymedsupply.com\/wp-content\/uploads\/2023\/02\/Hosier-\u2013-Sheer-Knee-High-Closed-Toe.jpeg 311w\" data-sizes=\"(max-width: 187px) 100vw, 187px\" title=\"\" src=\"data:image\/svg+xml;base64,PHN2ZyB3aWR0aD0iMSIgaGVpZ2h0PSIxIiB4bWxucz0iaHR0cDovL3d3dy53My5vcmcvMjAwMC9zdmciPjwvc3ZnPg==\" style=\"--smush-placeholder-width: 187px; --smush-placeholder-aspect-ratio: 187\/300;\">\t\t\t\t\t\t\t\t\t\t\t\t\t\t\t<\/div>\n\t\t\t\t<\/div>\n\t\t\t\t<div class=\"elementor-element elementor-element-830c719 elementor-widget elementor-widget-heading\" data-id=\"830c719\" data-element_type=\"widget\" data-e-type=\"widget\" data-widget_type=\"heading.default\">\n\t\t\t\t<div class=\"elementor-widget-container\">\n\t\t\t\t\t<h2 class=\"elementor-heading-title elementor-size-default\">Hosier \u2013 Sheer Knee High Closed Toe<\/h2>\t\t\t\t<\/div>\n\t\t\t\t<\/div>\n\t\t\t\t\t<\/div>\n\t\t<\/div>\n\t\t\t\t<div class=\"elementor-column elementor-col-33 elementor-top-column elementor-element elementor-element-ebfd1b1\" data-id=\"ebfd1b1\" data-element_type=\"column\" data-e-type=\"column\">\n\t\t\t<div class=\"elementor-widget-wrap elementor-element-populated\">\n\t\t\t\t\t\t<div class=\"elementor-element elementor-element-df40536 elementor-widget elementor-widget-image\" data-id=\"df40536\" data-element_type=\"widget\" data-e-type=\"widget\" data-widget_type=\"image.default\">\n\t\t\t\t<div class=\"elementor-widget-container\">\n\t\t\t\t\t\t\t\t\t\t\t\t\t\t\t<img decoding=\"async\" width=\"250\" height=\"209\" data-src=\"https:\/\/unifymedsupply.com\/wp-content\/uploads\/2023\/02\/many-other.png\" class=\"attachment-medium size-medium wp-image-269 lazyload\" alt=\"many other, please call our staff\" title=\"\" src=\"data:image\/svg+xml;base64,PHN2ZyB3aWR0aD0iMSIgaGVpZ2h0PSIxIiB4bWxucz0iaHR0cDovL3d3dy53My5vcmcvMjAwMC9zdmciPjwvc3ZnPg==\" style=\"--smush-placeholder-width: 250px; --smush-placeholder-aspect-ratio: 250\/209;\">\t\t\t\t\t\t\t\t\t\t\t\t\t\t\t<\/div>\n\t\t\t\t<\/div>\n\t\t\t\t<div class=\"elementor-element elementor-element-8405a96 elementor-widget elementor-widget-heading\" data-id=\"8405a96\" data-element_type=\"widget\" data-e-type=\"widget\" data-widget_type=\"heading.default\">\n\t\t\t\t<div class=\"elementor-widget-container\">\n\t\t\t\t\t<h2 class=\"elementor-heading-title elementor-size-default\">Contact Us<\/h2>\t\t\t\t<\/div>\n\t\t\t\t<\/div>\n\t\t\t\t\t<\/div>\n\t\t<\/div>\n\t\t\t\t\t<\/div>\n\t\t<\/section>\n\t\t\t\t<\/div>","protected":false},"excerpt":{"rendered":"<p>Automatic Digital Blood Pressure Monitor Digital Wrist Blood Pressure Monitor Gait Belt Male Urinal TENS Pain Relief Systems Hosier \u2013 Sheer Thigh High Closed Toe Hosier \u2013 Sheer Pantyhose Closed Toe Hosier \u2013 Sheer Knee High Closed Toe Contact Us<\/p>\n...","protected":false},"author":1,"featured_media":0,"parent":2,"menu_order":0,"comment_status":"closed","ping_status":"closed","template":"","meta":{"footnotes":""},"class_list":["post-243","page","type-page","status-publish","hentry"],"_links":{"self":[{"href":"https:\/\/unifymedsupply.com\/vi\/wp-json\/wp\/v2\/pages\/243","targetHints":{"allow":["GET"]}}],"collection":[{"href":"https:\/\/unifymedsupply.com\/vi\/wp-json\/wp\/v2\/pages"}],"about":[{"href":"https:\/\/unifymedsupply.com\/vi\/wp-json\/wp\/v2\/types\/page"}],"author":[{"embeddable":true,"href":"https:\/\/unifymedsupply.com\/vi\/wp-json\/wp\/v2\/users\/1"}],"replies":[{"embeddable":true,"href":"https:\/\/unifymedsupply.com\/vi\/wp-json\/wp\/v2\/comments?post=243"}],"version-history":[{"count":7,"href":"https:\/\/unifymedsupply.com\/vi\/wp-json\/wp\/v2\/pages\/243\/revisions"}],"predecessor-version":[{"id":955,"href":"https:\/\/unifymedsupply.com\/vi\/wp-json\/wp\/v2\/pages\/243\/revisions\/955"}],"up":[{"embeddable":true,"href":"https:\/\/unifymedsupply.com\/vi\/wp-json\/wp\/v2\/pages\/2"}],"wp:attachment":[{"href":"https:\/\/unifymedsupply.com\/vi\/wp-json\/wp\/v2\/media?parent=243"}],"curies":[{"name":"wp","href":"https:\/\/api.w.org\/{rel}","templated":true}]}}