{"id":1639,"date":"2023-04-05T03:19:29","date_gmt":"2023-04-05T03:19:29","guid":{"rendered":"https:\/\/unifymedsupply.com\/?page_id=1639"},"modified":"2024-12-26T07:20:35","modified_gmt":"2024-12-26T07:20:35","slug":"products-2","status":"publish","type":"page","link":"https:\/\/unifymedsupply.com\/vi\/products-2\/","title":{"rendered":"S\u1ea3n ph\u1ea9m"},"content":{"rendered":"<div data-elementor-type=\"wp-page\" data-elementor-id=\"1639\" class=\"elementor elementor-1639\" data-elementor-post-type=\"page\">\n\t\t\t\t\t\t<section class=\"elementor-section elementor-top-section elementor-element elementor-element-ea076c2 elementor-section-boxed elementor-section-height-default elementor-section-height-default\" data-id=\"ea076c2\" data-element_type=\"section\" data-e-type=\"section\">\n\t\t\t\t\t\t<div class=\"elementor-container elementor-column-gap-default\">\n\t\t\t\t\t<div class=\"elementor-column elementor-col-33 elementor-top-column elementor-element elementor-element-8fa8fda\" data-id=\"8fa8fda\" data-element_type=\"column\" data-e-type=\"column\">\n\t\t\t<div class=\"elementor-widget-wrap elementor-element-populated\">\n\t\t\t\t\t\t<div class=\"elementor-element elementor-element-4c80d45 elementor-widget elementor-widget-image\" data-id=\"4c80d45\" data-element_type=\"widget\" data-e-type=\"widget\" data-widget_type=\"image.default\">\n\t\t\t\t<div class=\"elementor-widget-container\">\n\t\t\t\t\t\t\t\t\t\t\t\t\t\t\t\t<a href=\"https:\/\/unifymedsupply.com\/vi\/products\/bathroom-safety\/\">\n\t\t\t\t\t\t\t<img fetchpriority=\"high\" decoding=\"async\" width=\"768\" height=\"461\" src=\"https:\/\/unifymedsupply.com\/wp-content\/uploads\/2023\/02\/bathroom-safety-768x461.jpeg\" class=\"attachment-medium_large size-medium_large wp-image-1258\" alt=\"bathroom safety\" srcset=\"https:\/\/unifymedsupply.com\/wp-content\/uploads\/2023\/02\/bathroom-safety-768x461.jpeg 768w, https:\/\/unifymedsupply.com\/wp-content\/uploads\/2023\/02\/bathroom-safety-300x180.jpeg 300w, https:\/\/unifymedsupply.com\/wp-content\/uploads\/2023\/02\/bathroom-safety-1024x615.jpeg 1024w, https:\/\/unifymedsupply.com\/wp-content\/uploads\/2023\/02\/bathroom-safety-18x12.jpeg 18w, https:\/\/unifymedsupply.com\/wp-content\/uploads\/2023\/02\/bathroom-safety.jpeg 1100w\" sizes=\"(max-width: 768px) 100vw, 768px\" title=\"\">\t\t\t\t\t\t\t\t<\/a>\n\t\t\t\t\t\t\t\t\t\t\t\t\t\t\t<\/div>\n\t\t\t\t<\/div>\n\t\t\t\t<div class=\"elementor-element elementor-element-8d907a9 elementor-widget elementor-widget-heading\" data-id=\"8d907a9\" data-element_type=\"widget\" data-e-type=\"widget\" data-widget_type=\"heading.default\">\n\t\t\t\t<div class=\"elementor-widget-container\">\n\t\t\t\t\t<h2 class=\"elementor-heading-title elementor-size-default\"><a href=\"https:\/\/unifymedsupply.com\/vi\/products\/bathroom-safety\/\">Thi\u1ebft b\u1ecb an to\u00e0n cho ph\u00f2ng t\u1eafm<\/a><\/h2>\t\t\t\t<\/div>\n\t\t\t\t<\/div>\n\t\t\t\t\t<\/div>\n\t\t<\/div>\n\t\t\t\t<div class=\"elementor-column elementor-col-33 elementor-top-column elementor-element elementor-element-3f305df\" data-id=\"3f305df\" data-element_type=\"column\" data-e-type=\"column\">\n\t\t\t<div class=\"elementor-widget-wrap elementor-element-populated\">\n\t\t\t\t\t\t<div class=\"elementor-element elementor-element-106c1b4 elementor-widget elementor-widget-image\" data-id=\"106c1b4\" data-element_type=\"widget\" data-e-type=\"widget\" data-widget_type=\"image.default\">\n\t\t\t\t<div class=\"elementor-widget-container\">\n\t\t\t\t\t\t\t\t\t\t\t\t\t\t\t\t<a href=\"https:\/\/unifymedsupply.com\/vi\/products\/diabetic-supplies\/\">\n\t\t\t\t\t\t\t<img decoding=\"async\" width=\"300\" height=\"200\" data-src=\"https:\/\/unifymedsupply.com\/wp-content\/uploads\/2023\/02\/diabetes-glucose-test-300x200.jpg\" class=\"attachment-medium size-medium wp-image-1259 lazyload\" alt=\"diabetes glucose test\" data-srcset=\"https:\/\/unifymedsupply.com\/wp-content\/uploads\/2023\/02\/diabetes-glucose-test-300x200.jpg 300w, https:\/\/unifymedsupply.com\/wp-content\/uploads\/2023\/02\/diabetes-glucose-test-768x512.jpg 768w, https:\/\/unifymedsupply.com\/wp-content\/uploads\/2023\/02\/diabetes-glucose-test-18x12.jpg 18w, https:\/\/unifymedsupply.com\/wp-content\/uploads\/2023\/02\/diabetes-glucose-test.jpg 1000w\" data-sizes=\"(max-width: 300px) 100vw, 300px\" title=\"\" src=\"data:image\/svg+xml;base64,PHN2ZyB3aWR0aD0iMSIgaGVpZ2h0PSIxIiB4bWxucz0iaHR0cDovL3d3dy53My5vcmcvMjAwMC9zdmciPjwvc3ZnPg==\" style=\"--smush-placeholder-width: 300px; --smush-placeholder-aspect-ratio: 300\/200;\">\t\t\t\t\t\t\t\t<\/a>\n\t\t\t\t\t\t\t\t\t\t\t\t\t\t\t<\/div>\n\t\t\t\t<\/div>\n\t\t\t\t<div class=\"elementor-element elementor-element-1e27a06 elementor-widget elementor-widget-heading\" data-id=\"1e27a06\" data-element_type=\"widget\" data-e-type=\"widget\" data-widget_type=\"heading.default\">\n\t\t\t\t<div class=\"elementor-widget-container\">\n\t\t\t\t\t<h2 class=\"elementor-heading-title elementor-size-default\"><a href=\"https:\/\/unifymedsupply.com\/vi\/products\/diabetic-supplies\/\">H\u1ed7 tr\u1ee3 b\u1ec7nh nh\u00e2n ti\u1ec3u \u0111\u01b0\u1eddng<\/a><\/h2>\t\t\t\t<\/div>\n\t\t\t\t<\/div>\n\t\t\t\t\t<\/div>\n\t\t<\/div>\n\t\t\t\t<div class=\"elementor-column elementor-col-33 elementor-top-column elementor-element elementor-element-a8c35d4\" data-id=\"a8c35d4\" data-element_type=\"column\" data-e-type=\"column\">\n\t\t\t<div class=\"elementor-widget-wrap elementor-element-populated\">\n\t\t\t\t\t\t<div class=\"elementor-element elementor-element-b5d4800 elementor-widget elementor-widget-image\" data-id=\"b5d4800\" data-element_type=\"widget\" data-e-type=\"widget\" data-widget_type=\"image.default\">\n\t\t\t\t<div class=\"elementor-widget-container\">\n\t\t\t\t\t\t\t\t\t\t\t\t\t\t\t\t<a href=\"https:\/\/unifymedsupply.com\/vi\/products\/incontinence\/\">\n\t\t\t\t\t\t\t<img decoding=\"async\" width=\"300\" height=\"300\" data-src=\"https:\/\/unifymedsupply.com\/wp-content\/uploads\/2023\/02\/Prevail\u00ae-Brief-Ultimate-Absorbency-\u2013-Bariatric-300x300.png\" class=\"attachment-medium size-medium wp-image-582 lazyload\" alt=\"Prevail\u00ae Brief Ultimate Absorbency \u2013 Bariatric\" data-srcset=\"https:\/\/unifymedsupply.com\/wp-content\/uploads\/2023\/02\/Prevail\u00ae-Brief-Ultimate-Absorbency-\u2013-Bariatric-300x300.png 300w, https:\/\/unifymedsupply.com\/wp-content\/uploads\/2023\/02\/Prevail\u00ae-Brief-Ultimate-Absorbency-\u2013-Bariatric-1024x1024.png 1024w, https:\/\/unifymedsupply.com\/wp-content\/uploads\/2023\/02\/Prevail\u00ae-Brief-Ultimate-Absorbency-\u2013-Bariatric-150x150.png 150w, https:\/\/unifymedsupply.com\/wp-content\/uploads\/2023\/02\/Prevail\u00ae-Brief-Ultimate-Absorbency-\u2013-Bariatric-768x768.png 768w, https:\/\/unifymedsupply.com\/wp-content\/uploads\/2023\/02\/Prevail\u00ae-Brief-Ultimate-Absorbency-\u2013-Bariatric-600x600.png 600w, https:\/\/unifymedsupply.com\/wp-content\/uploads\/2023\/02\/Prevail\u00ae-Brief-Ultimate-Absorbency-\u2013-Bariatric-100x100.png 100w, https:\/\/unifymedsupply.com\/wp-content\/uploads\/2023\/02\/Prevail\u00ae-Brief-Ultimate-Absorbency-\u2013-Bariatric.png 1143w\" data-sizes=\"(max-width: 300px) 100vw, 300px\" title=\"\" src=\"data:image\/svg+xml;base64,PHN2ZyB3aWR0aD0iMSIgaGVpZ2h0PSIxIiB4bWxucz0iaHR0cDovL3d3dy53My5vcmcvMjAwMC9zdmciPjwvc3ZnPg==\" style=\"--smush-placeholder-width: 300px; --smush-placeholder-aspect-ratio: 300\/300;\">\t\t\t\t\t\t\t\t<\/a>\n\t\t\t\t\t\t\t\t\t\t\t\t\t\t\t<\/div>\n\t\t\t\t<\/div>\n\t\t\t\t<div class=\"elementor-element elementor-element-caca3fa elementor-widget elementor-widget-heading\" data-id=\"caca3fa\" data-element_type=\"widget\" data-e-type=\"widget\" data-widget_type=\"heading.default\">\n\t\t\t\t<div class=\"elementor-widget-container\">\n\t\t\t\t\t<h2 class=\"elementor-heading-title elementor-size-default\"><a href=\"https:\/\/unifymedsupply.com\/vi\/products\/incontinence\/\">H\u1ed7 tr\u1ee3 b\u1ec7nh nh\u00e2n m\u1ea5t ki\u1ec3m so\u00e1t ti\u00eau ti\u1ec3u<\/a><\/h2>\t\t\t\t<\/div>\n\t\t\t\t<\/div>\n\t\t\t\t\t<\/div>\n\t\t<\/div>\n\t\t\t\t\t<\/div>\n\t\t<\/section>\n\t\t\t\t<section class=\"elementor-section elementor-top-section elementor-element elementor-element-b5671ad elementor-section-boxed elementor-section-height-default elementor-section-height-default\" data-id=\"b5671ad\" data-element_type=\"section\" data-e-type=\"section\">\n\t\t\t\t\t\t<div class=\"elementor-container elementor-column-gap-default\">\n\t\t\t\t\t<div class=\"elementor-column elementor-col-33 elementor-top-column elementor-element elementor-element-16746d6\" data-id=\"16746d6\" data-element_type=\"column\" data-e-type=\"column\">\n\t\t\t<div class=\"elementor-widget-wrap elementor-element-populated\">\n\t\t\t\t\t\t<div class=\"elementor-element elementor-element-59bdcbf elementor-widget elementor-widget-image\" data-id=\"59bdcbf\" data-element_type=\"widget\" data-e-type=\"widget\" data-widget_type=\"image.default\">\n\t\t\t\t<div class=\"elementor-widget-container\">\n\t\t\t\t\t\t\t\t\t\t\t\t\t\t\t\t<a href=\"https:\/\/unifymedsupply.com\/vi\/products\/mobility\/\">\n\t\t\t\t\t\t\t<img decoding=\"async\" width=\"300\" height=\"300\" data-src=\"https:\/\/unifymedsupply.com\/wp-content\/uploads\/2023\/02\/Jazzy\u00ae-Elite-HD-300x300.jpeg\" class=\"attachment-medium size-medium wp-image-392 lazyload\" alt=\"Jazzy\u00ae Elite HD\" data-srcset=\"https:\/\/unifymedsupply.com\/wp-content\/uploads\/2023\/02\/Jazzy\u00ae-Elite-HD-300x300.jpeg 300w, https:\/\/unifymedsupply.com\/wp-content\/uploads\/2023\/02\/Jazzy\u00ae-Elite-HD-150x150.jpeg 150w, https:\/\/unifymedsupply.com\/wp-content\/uploads\/2023\/02\/Jazzy\u00ae-Elite-HD-768x768.jpeg 768w, https:\/\/unifymedsupply.com\/wp-content\/uploads\/2023\/02\/Jazzy\u00ae-Elite-HD-600x600.jpeg 600w, https:\/\/unifymedsupply.com\/wp-content\/uploads\/2023\/02\/Jazzy\u00ae-Elite-HD-100x100.jpeg 100w, https:\/\/unifymedsupply.com\/wp-content\/uploads\/2023\/02\/Jazzy\u00ae-Elite-HD.jpeg 1000w\" data-sizes=\"(max-width: 300px) 100vw, 300px\" title=\"\" src=\"data:image\/svg+xml;base64,PHN2ZyB3aWR0aD0iMSIgaGVpZ2h0PSIxIiB4bWxucz0iaHR0cDovL3d3dy53My5vcmcvMjAwMC9zdmciPjwvc3ZnPg==\" style=\"--smush-placeholder-width: 300px; --smush-placeholder-aspect-ratio: 300\/300;\">\t\t\t\t\t\t\t\t<\/a>\n\t\t\t\t\t\t\t\t\t\t\t\t\t\t\t<\/div>\n\t\t\t\t<\/div>\n\t\t\t\t<div class=\"elementor-element elementor-element-6635e05 elementor-widget elementor-widget-heading\" data-id=\"6635e05\" data-element_type=\"widget\" data-e-type=\"widget\" data-widget_type=\"heading.default\">\n\t\t\t\t<div class=\"elementor-widget-container\">\n\t\t\t\t\t<h2 class=\"elementor-heading-title elementor-size-default\"><a href=\"https:\/\/unifymedsupply.com\/vi\/products\/mobility\/\">H\u1ed7 tr\u1ee3 di chuy\u1ec3n<\/a><\/h2>\t\t\t\t<\/div>\n\t\t\t\t<\/div>\n\t\t\t\t\t<\/div>\n\t\t<\/div>\n\t\t\t\t<div class=\"elementor-column elementor-col-33 elementor-top-column elementor-element elementor-element-1b6eda4\" data-id=\"1b6eda4\" data-element_type=\"column\" data-e-type=\"column\">\n\t\t\t<div class=\"elementor-widget-wrap elementor-element-populated\">\n\t\t\t\t\t\t<div class=\"elementor-element elementor-element-2f8c3ca elementor-widget elementor-widget-image\" data-id=\"2f8c3ca\" data-element_type=\"widget\" data-e-type=\"widget\" data-widget_type=\"image.default\">\n\t\t\t\t<div class=\"elementor-widget-container\">\n\t\t\t\t\t\t\t\t\t\t\t\t\t\t\t\t<a href=\"https:\/\/unifymedsupply.com\/vi\/products\/nutritional-supplements\/\">\n\t\t\t\t\t\t\t<img decoding=\"async\" width=\"300\" height=\"173\" data-src=\"https:\/\/unifymedsupply.com\/wp-content\/uploads\/2023\/02\/Ensure-Original-300x173.jpeg\" class=\"attachment-medium size-medium wp-image-1262 lazyload\" alt=\"Nutritional Supplements\" data-srcset=\"https:\/\/unifymedsupply.com\/wp-content\/uploads\/2023\/02\/Ensure-Original-300x173.jpeg 300w, https:\/\/unifymedsupply.com\/wp-content\/uploads\/2023\/02\/Ensure-Original-1024x590.jpeg 1024w, https:\/\/unifymedsupply.com\/wp-content\/uploads\/2023\/02\/Ensure-Original-768x442.jpeg 768w, https:\/\/unifymedsupply.com\/wp-content\/uploads\/2023\/02\/Ensure-Original-18x10.jpeg 18w, https:\/\/unifymedsupply.com\/wp-content\/uploads\/2023\/02\/Ensure-Original.jpeg 1300w\" data-sizes=\"(max-width: 300px) 100vw, 300px\" title=\"\" src=\"data:image\/svg+xml;base64,PHN2ZyB3aWR0aD0iMSIgaGVpZ2h0PSIxIiB4bWxucz0iaHR0cDovL3d3dy53My5vcmcvMjAwMC9zdmciPjwvc3ZnPg==\" style=\"--smush-placeholder-width: 300px; --smush-placeholder-aspect-ratio: 300\/173;\">\t\t\t\t\t\t\t\t<\/a>\n\t\t\t\t\t\t\t\t\t\t\t\t\t\t\t<\/div>\n\t\t\t\t<\/div>\n\t\t\t\t<div class=\"elementor-element elementor-element-7904c89 elementor-widget elementor-widget-heading\" data-id=\"7904c89\" data-element_type=\"widget\" data-e-type=\"widget\" data-widget_type=\"heading.default\">\n\t\t\t\t<div class=\"elementor-widget-container\">\n\t\t\t\t\t<h2 class=\"elementor-heading-title elementor-size-default\"><a href=\"https:\/\/unifymedsupply.com\/vi\/products\/nutritional-supplements\/\">B\u1ed5 sung ch\u1ea5t dinh d\u01b0\u1ee1ng<\/a><\/h2>\t\t\t\t<\/div>\n\t\t\t\t<\/div>\n\t\t\t\t\t<\/div>\n\t\t<\/div>\n\t\t\t\t<div class=\"elementor-column elementor-col-33 elementor-top-column elementor-element elementor-element-e879537\" data-id=\"e879537\" data-element_type=\"column\" data-e-type=\"column\">\n\t\t\t<div class=\"elementor-widget-wrap elementor-element-populated\">\n\t\t\t\t\t\t<div class=\"elementor-element elementor-element-469399a elementor-widget elementor-widget-image\" data-id=\"469399a\" data-element_type=\"widget\" data-e-type=\"widget\" data-widget_type=\"image.default\">\n\t\t\t\t<div class=\"elementor-widget-container\">\n\t\t\t\t\t\t\t\t\t\t\t\t\t\t\t\t<a href=\"https:\/\/unifymedsupply.com\/vi\/products\/orthopedics\/\">\n\t\t\t\t\t\t\t<img decoding=\"async\" width=\"300\" height=\"300\" data-src=\"https:\/\/unifymedsupply.com\/wp-content\/uploads\/2023\/02\/ARC\u00ae-2.0-Shoulder-Brace-300x300.png\" class=\"attachment-medium size-medium wp-image-599 lazyload\" alt=\"ARC\u00ae 2.0 Shoulder Brace\" data-srcset=\"https:\/\/unifymedsupply.com\/wp-content\/uploads\/2023\/02\/ARC\u00ae-2.0-Shoulder-Brace-300x300.png 300w, https:\/\/unifymedsupply.com\/wp-content\/uploads\/2023\/02\/ARC\u00ae-2.0-Shoulder-Brace-150x150.png 150w, https:\/\/unifymedsupply.com\/wp-content\/uploads\/2023\/02\/ARC\u00ae-2.0-Shoulder-Brace-100x100.png 100w, https:\/\/unifymedsupply.com\/wp-content\/uploads\/2023\/02\/ARC\u00ae-2.0-Shoulder-Brace.png 400w\" data-sizes=\"(max-width: 300px) 100vw, 300px\" title=\"\" src=\"data:image\/svg+xml;base64,PHN2ZyB3aWR0aD0iMSIgaGVpZ2h0PSIxIiB4bWxucz0iaHR0cDovL3d3dy53My5vcmcvMjAwMC9zdmciPjwvc3ZnPg==\" style=\"--smush-placeholder-width: 300px; --smush-placeholder-aspect-ratio: 300\/300;\">\t\t\t\t\t\t\t\t<\/a>\n\t\t\t\t\t\t\t\t\t\t\t\t\t\t\t<\/div>\n\t\t\t\t<\/div>\n\t\t\t\t<div class=\"elementor-element elementor-element-5f9e45e elementor-widget elementor-widget-heading\" data-id=\"5f9e45e\" data-element_type=\"widget\" data-e-type=\"widget\" data-widget_type=\"heading.default\">\n\t\t\t\t<div class=\"elementor-widget-container\">\n\t\t\t\t\t<h2 class=\"elementor-heading-title elementor-size-default\"><a href=\"https:\/\/unifymedsupply.com\/vi\/products\/orthopedics\/\">D\u1ee5ng c\u1ee5 ch\u1ec9nh h\u00ecnh<\/a><\/h2>\t\t\t\t<\/div>\n\t\t\t\t<\/div>\n\t\t\t\t\t<\/div>\n\t\t<\/div>\n\t\t\t\t\t<\/div>\n\t\t<\/section>\n\t\t\t\t<section class=\"elementor-section elementor-top-section elementor-element elementor-element-53579bd elementor-section-boxed elementor-section-height-default elementor-section-height-default\" data-id=\"53579bd\" data-element_type=\"section\" data-e-type=\"section\">\n\t\t\t\t\t\t<div class=\"elementor-container elementor-column-gap-default\">\n\t\t\t\t\t<div class=\"elementor-column elementor-col-33 elementor-top-column elementor-element elementor-element-4cf027f\" data-id=\"4cf027f\" data-element_type=\"column\" data-e-type=\"column\">\n\t\t\t<div class=\"elementor-widget-wrap elementor-element-populated\">\n\t\t\t\t\t\t<div class=\"elementor-element elementor-element-7c5f2ac elementor-widget elementor-widget-image\" data-id=\"7c5f2ac\" data-element_type=\"widget\" data-e-type=\"widget\" data-widget_type=\"image.default\">\n\t\t\t\t<div class=\"elementor-widget-container\">\n\t\t\t\t\t\t\t\t\t\t\t\t\t\t\t\t<a href=\"https:\/\/unifymedsupply.com\/vi\/products\/oxygen\/\">\n\t\t\t\t\t\t\t<img decoding=\"async\" width=\"300\" height=\"188\" data-src=\"https:\/\/unifymedsupply.com\/wp-content\/uploads\/2023\/02\/oxigen-300x188.jpeg\" class=\"attachment-medium size-medium wp-image-1260 lazyload\" alt=\"Oxigen concentrator\" data-srcset=\"https:\/\/unifymedsupply.com\/wp-content\/uploads\/2023\/02\/oxigen-300x188.jpeg 300w, https:\/\/unifymedsupply.com\/wp-content\/uploads\/2023\/02\/oxigen-1024x640.jpeg 1024w, https:\/\/unifymedsupply.com\/wp-content\/uploads\/2023\/02\/oxigen-768x480.jpeg 768w, https:\/\/unifymedsupply.com\/wp-content\/uploads\/2023\/02\/oxigen-18x12.jpeg 18w, https:\/\/unifymedsupply.com\/wp-content\/uploads\/2023\/02\/oxigen.jpeg 1080w\" data-sizes=\"(max-width: 300px) 100vw, 300px\" title=\"\" src=\"data:image\/svg+xml;base64,PHN2ZyB3aWR0aD0iMSIgaGVpZ2h0PSIxIiB4bWxucz0iaHR0cDovL3d3dy53My5vcmcvMjAwMC9zdmciPjwvc3ZnPg==\" style=\"--smush-placeholder-width: 300px; --smush-placeholder-aspect-ratio: 300\/188;\">\t\t\t\t\t\t\t\t<\/a>\n\t\t\t\t\t\t\t\t\t\t\t\t\t\t\t<\/div>\n\t\t\t\t<\/div>\n\t\t\t\t<div class=\"elementor-element elementor-element-85ad2d6 elementor-widget elementor-widget-heading\" data-id=\"85ad2d6\" data-element_type=\"widget\" data-e-type=\"widget\" data-widget_type=\"heading.default\">\n\t\t\t\t<div class=\"elementor-widget-container\">\n\t\t\t\t\t<h2 class=\"elementor-heading-title elementor-size-default\"><a href=\"https:\/\/unifymedsupply.com\/vi\/products\/\">Thi\u1ebft b\u1ecb h\u1ed7 tr\u1ee3 d\u01b0\u1ee1ng kh\u00ed oxy<\/a><\/h2>\t\t\t\t<\/div>\n\t\t\t\t<\/div>\n\t\t\t\t\t<\/div>\n\t\t<\/div>\n\t\t\t\t<div class=\"elementor-column elementor-col-33 elementor-top-column elementor-element elementor-element-befb228\" data-id=\"befb228\" data-element_type=\"column\" data-e-type=\"column\">\n\t\t\t<div class=\"elementor-widget-wrap elementor-element-populated\">\n\t\t\t\t\t\t<div class=\"elementor-element elementor-element-c5f2cff elementor-widget elementor-widget-image\" data-id=\"c5f2cff\" data-element_type=\"widget\" data-e-type=\"widget\" data-widget_type=\"image.default\">\n\t\t\t\t<div class=\"elementor-widget-container\">\n\t\t\t\t\t\t\t\t\t\t\t\t\t\t\t\t<a href=\"https:\/\/unifymedsupply.com\/vi\/products\/patient-room\/\">\n\t\t\t\t\t\t\t<img decoding=\"async\" width=\"300\" height=\"200\" data-src=\"https:\/\/unifymedsupply.com\/wp-content\/uploads\/2023\/02\/patient-room-300x200.jpg\" class=\"attachment-medium size-medium wp-image-1263 lazyload\" alt=\"patient room\" data-srcset=\"https:\/\/unifymedsupply.com\/wp-content\/uploads\/2023\/02\/patient-room-300x200.jpg 300w, https:\/\/unifymedsupply.com\/wp-content\/uploads\/2023\/02\/patient-room-768x512.jpg 768w, https:\/\/unifymedsupply.com\/wp-content\/uploads\/2023\/02\/patient-room-18x12.jpg 18w, https:\/\/unifymedsupply.com\/wp-content\/uploads\/2023\/02\/patient-room.jpg 1000w\" data-sizes=\"(max-width: 300px) 100vw, 300px\" title=\"\" src=\"data:image\/svg+xml;base64,PHN2ZyB3aWR0aD0iMSIgaGVpZ2h0PSIxIiB4bWxucz0iaHR0cDovL3d3dy53My5vcmcvMjAwMC9zdmciPjwvc3ZnPg==\" style=\"--smush-placeholder-width: 300px; --smush-placeholder-aspect-ratio: 300\/200;\">\t\t\t\t\t\t\t\t<\/a>\n\t\t\t\t\t\t\t\t\t\t\t\t\t\t\t<\/div>\n\t\t\t\t<\/div>\n\t\t\t\t<div class=\"elementor-element elementor-element-0d6d7ce elementor-widget elementor-widget-heading\" data-id=\"0d6d7ce\" data-element_type=\"widget\" data-e-type=\"widget\" data-widget_type=\"heading.default\">\n\t\t\t\t<div class=\"elementor-widget-container\">\n\t\t\t\t\t<h2 class=\"elementor-heading-title elementor-size-default\"><a href=\"https:\/\/unifymedsupply.com\/vi\/products\/patient-room\/\">Thi\u1ebft b\u1ecb trong ph\u00f2ng ng\u1ee7<\/a><\/h2>\t\t\t\t<\/div>\n\t\t\t\t<\/div>\n\t\t\t\t\t<\/div>\n\t\t<\/div>\n\t\t\t\t<div class=\"elementor-column elementor-col-33 elementor-top-column elementor-element elementor-element-d53e1e3\" data-id=\"d53e1e3\" data-element_type=\"column\" data-e-type=\"column\">\n\t\t\t<div class=\"elementor-widget-wrap elementor-element-populated\">\n\t\t\t\t\t\t<div class=\"elementor-element elementor-element-90399a9 elementor-widget elementor-widget-image\" data-id=\"90399a9\" data-element_type=\"widget\" data-e-type=\"widget\" data-widget_type=\"image.default\">\n\t\t\t\t<div class=\"elementor-widget-container\">\n\t\t\t\t\t\t\t\t\t\t\t\t\t\t\t\t<a href=\"https:\/\/unifymedsupply.com\/vi\/products\/personal-care\/\">\n\t\t\t\t\t\t\t<img decoding=\"async\" width=\"300\" height=\"300\" data-src=\"https:\/\/unifymedsupply.com\/wp-content\/uploads\/2023\/02\/Personal-care-300x300.jpg\" class=\"attachment-medium size-medium wp-image-1264 lazyload\" alt=\"Personal care\" data-srcset=\"https:\/\/unifymedsupply.com\/wp-content\/uploads\/2023\/02\/Personal-care-300x300.jpg 300w, https:\/\/unifymedsupply.com\/wp-content\/uploads\/2023\/02\/Personal-care-1024x1024.jpg 1024w, https:\/\/unifymedsupply.com\/wp-content\/uploads\/2023\/02\/Personal-care-150x150.jpg 150w, https:\/\/unifymedsupply.com\/wp-content\/uploads\/2023\/02\/Personal-care-768x768.jpg 768w, https:\/\/unifymedsupply.com\/wp-content\/uploads\/2023\/02\/Personal-care-12x12.jpg 12w, https:\/\/unifymedsupply.com\/wp-content\/uploads\/2023\/02\/Personal-care.jpg 1200w\" data-sizes=\"(max-width: 300px) 100vw, 300px\" title=\"\" src=\"data:image\/svg+xml;base64,PHN2ZyB3aWR0aD0iMSIgaGVpZ2h0PSIxIiB4bWxucz0iaHR0cDovL3d3dy53My5vcmcvMjAwMC9zdmciPjwvc3ZnPg==\" style=\"--smush-placeholder-width: 300px; --smush-placeholder-aspect-ratio: 300\/300;\">\t\t\t\t\t\t\t\t<\/a>\n\t\t\t\t\t\t\t\t\t\t\t\t\t\t\t<\/div>\n\t\t\t\t<\/div>\n\t\t\t\t<div class=\"elementor-element elementor-element-fda60b7 elementor-widget elementor-widget-heading\" data-id=\"fda60b7\" data-element_type=\"widget\" data-e-type=\"widget\" data-widget_type=\"heading.default\">\n\t\t\t\t<div class=\"elementor-widget-container\">\n\t\t\t\t\t<h2 class=\"elementor-heading-title elementor-size-default\"><a href=\"https:\/\/unifymedsupply.com\/vi\/products\/personal-care\/\">H\u1ed7 tr\u1ee3 ch\u0103m s\u00f3c c\u00e1 nh\u00e2n<\/a><\/h2>\t\t\t\t<\/div>\n\t\t\t\t<\/div>\n\t\t\t\t\t<\/div>\n\t\t<\/div>\n\t\t\t\t\t<\/div>\n\t\t<\/section>\n\t\t\t\t<\/div>","protected":false},"excerpt":{"rendered":"<p>Bathroom Safety Diabetic Supplies Incontinence Mobility Nutritional Supplements Orthopedics Oxigen Patient Room Personal Care<\/p>\n...","protected":false},"author":2,"featured_media":0,"parent":0,"menu_order":0,"comment_status":"closed","ping_status":"closed","template":"","meta":{"footnotes":""},"class_list":["post-1639","page","type-page","status-publish","hentry"],"_links":{"self":[{"href":"https:\/\/unifymedsupply.com\/vi\/wp-json\/wp\/v2\/pages\/1639","targetHints":{"allow":["GET"]}}],"collection":[{"href":"https:\/\/unifymedsupply.com\/vi\/wp-json\/wp\/v2\/pages"}],"about":[{"href":"https:\/\/unifymedsupply.com\/vi\/wp-json\/wp\/v2\/types\/page"}],"author":[{"embeddable":true,"href":"https:\/\/unifymedsupply.com\/vi\/wp-json\/wp\/v2\/users\/2"}],"replies":[{"embeddable":true,"href":"https:\/\/unifymedsupply.com\/vi\/wp-json\/wp\/v2\/comments?post=1639"}],"version-history":[{"count":9,"href":"https:\/\/unifymedsupply.com\/vi\/wp-json\/wp\/v2\/pages\/1639\/revisions"}],"predecessor-version":[{"id":1710,"href":"https:\/\/unifymedsupply.com\/vi\/wp-json\/wp\/v2\/pages\/1639\/revisions\/1710"}],"wp:attachment":[{"href":"https:\/\/unifymedsupply.com\/vi\/wp-json\/wp\/v2\/media?parent=1639"}],"curies":[{"name":"wp","href":"https:\/\/api.w.org\/{rel}","templated":true}]}}